{"id":255,"date":"2016-08-21T15:41:30","date_gmt":"2016-08-21T13:41:30","guid":{"rendered":"http:\/\/regressi.fr\/WordPress\/?page_id=255"},"modified":"2016-08-21T15:45:31","modified_gmt":"2016-08-21T13:45:31","slug":"arduino","status":"publish","type":"page","link":"https:\/\/regressi.fr\/WordPress\/?page_id=255","title":{"rendered":"Arduino"},"content":{"rendered":"<blockquote><p>Vous trouverez ici des liens pour t\u00e9l\u00e9charger des modules Arduino \u00e0 utiliser avec Regressi.<\/p>\n<span id=\"tablepress-12-description\" class=\"tablepress-table-description tablepress-table-description-id-12\">Modules Arduino pour Regressi<\/span>\n\n<table id=\"tablepress-12\" class=\"tablepress tablepress-id-12\" aria-describedby=\"tablepress-12-description\">\n<thead>\n<tr class=\"row-1\">\n\t<th class=\"column-1\">Sujet<\/th><th class=\"column-2\">Fichier<\/th>\n<\/tr>\n<\/thead>\n<tbody class=\"row-striping row-hover\">\n<tr class=\"row-2\">\n\t<td class=\"column-1\">Oscilloscope MKR1010<\/td><td class=\"column-2\"><a href=\"..\/arduino\/oscilloWifi.ino\"><img decoding=\"async\" src=\"..\/images\/arduino.jpg\" \/><\/a><\/td>\n<\/tr>\n<tr class=\"row-3\">\n\t<td class=\"column-1\">Oscilloscope Uno<br \/>\n<\/td><td class=\"column-2\"><a href=\"..\/arduino\/oscillo.ino\"><img decoding=\"async\" src=\"..\/images\/arduino.jpg\" \/><\/a><\/td>\n<\/tr>\n<tr class=\"row-4\">\n\t<td class=\"column-1\">Oscilloscope Due<br \/>\n<\/td><td class=\"column-2\"><a href=\"..\/arduino\/oscilloDue.ino\"><img decoding=\"async\" src=\"..\/images\/arduino.jpg\" \/><\/a><\/td>\n<\/tr>\n<tr class=\"row-5\">\n\t<td class=\"column-1\">Oscilloscope Curie 101<br \/>\n<\/td><td class=\"column-2\"><a href=\"..\/arduino\/oscilloCurie101.ino\"><img decoding=\"async\" src=\"..\/images\/arduino.jpg\" \/><\/a><\/td>\n<\/tr>\n<tr class=\"row-6\">\n\t<td class=\"column-1\">Point par point Wifi Direct<\/td><td class=\"column-2\"><a href=\"..\/arduino\/pointWifiDirect.ino\"><img decoding=\"async\" src=\"..\/images\/arduino.jpg\" \/><\/a><\/td>\n<\/tr>\n<\/tbody>\n<\/table>\n<\/blockquote>\n","protected":false},"excerpt":{"rendered":"<p>Vous trouverez ici des liens pour t\u00e9l\u00e9charger des modules Arduino \u00e0 utiliser avec Regressi.<\/p>\n","protected":false},"author":1,"featured_media":0,"parent":0,"menu_order":0,"comment_status":"closed","ping_status":"closed","template":"","meta":{"_crdt_document":"","footnotes":""},"class_list":["post-255","page","type-page","status-publish","hentry"],"_links":{"self":[{"href":"https:\/\/regressi.fr\/WordPress\/index.php?rest_route=\/wp\/v2\/pages\/255","targetHints":{"allow":["GET"]}}],"collection":[{"href":"https:\/\/regressi.fr\/WordPress\/index.php?rest_route=\/wp\/v2\/pages"}],"about":[{"href":"https:\/\/regressi.fr\/WordPress\/index.php?rest_route=\/wp\/v2\/types\/page"}],"author":[{"embeddable":true,"href":"https:\/\/regressi.fr\/WordPress\/index.php?rest_route=\/wp\/v2\/users\/1"}],"replies":[{"embeddable":true,"href":"https:\/\/regressi.fr\/WordPress\/index.php?rest_route=%2Fwp%2Fv2%2Fcomments&post=255"}],"version-history":[{"count":3,"href":"https:\/\/regressi.fr\/WordPress\/index.php?rest_route=\/wp\/v2\/pages\/255\/revisions"}],"predecessor-version":[{"id":260,"href":"https:\/\/regressi.fr\/WordPress\/index.php?rest_route=\/wp\/v2\/pages\/255\/revisions\/260"}],"wp:attachment":[{"href":"https:\/\/regressi.fr\/WordPress\/index.php?rest_route=%2Fwp%2Fv2%2Fmedia&parent=255"}],"curies":[{"name":"wp","href":"https:\/\/api.w.org\/{rel}","templated":true}]}}