{"id":127,"date":"2015-10-07T08:41:28","date_gmt":"2015-10-07T06:41:28","guid":{"rendered":"http:\/\/regressi.fr\/WordPress\/?page_id=127"},"modified":"2023-11-24T06:57:01","modified_gmt":"2023-11-24T05:57:01","slug":"animation","status":"publish","type":"page","link":"https:\/\/regressi.fr\/WordPress\/?page_id=127","title":{"rendered":"Animation"},"content":{"rendered":"<blockquote><p>Vous trouverez ici des animations Flash et Mathematica en optique, cin\u00e9matique des fluides et filtrage.<\/p><\/blockquote>\n<p>Les animations Mathematica sont au format .cdf lisible par Wolfram CDF Player et les sources sont des fichiers Mathematica .nb.<\/p>\n<p>Le format Flash \/ .swf n&rsquo;est plus support\u00e9, vous pouvez trouver des\u00a0applications pour lire ces \u00a0fichiers, par exemple <a href=\"https:\/\/ruffle.rs\" target=\"_blank\" rel=\"noopener\">Ruffle<\/a><\/p>\n<h2 id=\"tablepress-9-name\" class=\"tablepress-table-name tablepress-table-name-id-9\">Optique<\/h2>\n\n<table id=\"tablepress-9\" class=\"tablepress tablepress-id-9\" aria-labelledby=\"tablepress-9-name\">\n<thead>\n<tr class=\"row-1\">\n\t<th class=\"column-1\">Sujet<\/th><th class=\"column-2\">Animation<\/th><th class=\"column-3\">Sujet<\/th><th class=\"column-4\">Animation<\/th>\n<\/tr>\n<\/thead>\n<tbody class=\"row-striping row-hover\">\n<tr class=\"row-2\">\n\t<td class=\"column-1\">R\u00e9glage d'un r\u00e9seau<\/td><td class=\"column-2\"><a href=\"..\/animationNew\/Optiquereseau.swf\"><img decoding=\"async\" src=\"..\/images\/icon_SWF.gif\" \/><\/a><\/td><td class=\"column-3\">Effet de la largeur des fentes d'Young<\/td><td class=\"column-4\"><a href=\"..\/animationNew\/Optique\/Young_0.swf\"><img decoding=\"async\" src=\"..\/images\/icon_SWF.gif\" \/><\/a><\/td>\n<\/tr>\n<tr class=\"row-3\">\n\t<td class=\"column-1\">R\u00e9glage d'un r\u00e9seau en incidence normale<\/td><td class=\"column-2\"><a href=\"..\/animationNew\/Optique\/reseaunormal.swf\"><img decoding=\"async\" src=\"..\/images\/icon_SWF.gif\" \/><\/a><\/td><td class=\"column-3\">Effet de la largeur de la fente source d'Young<\/td><td class=\"column-4\"><a href=\"..\/animationNew\/Optique\/YoungS_0.swf\"><img decoding=\"async\" src=\"..\/images\/icon_SWF.gif\" \/><\/a><\/td>\n<\/tr>\n<tr class=\"row-4\">\n\t<td class=\"column-1\">R\u00e9glage du plateau d'un r\u00e9seau<\/td><td class=\"column-2\"><a href=\"..\/animationNew\/Optique\/reseauAutocoll.swf\"><img decoding=\"async\" src=\"..\/images\/icon_SWF.gif\" \/><\/a><\/td><td class=\"column-3\">Michelson en anneaux<\/td><td class=\"column-4\"><a href=\"..\/animationNew\/Optique\/Michelson.swf\"><img decoding=\"async\" src=\"..\/images\/icon_SWF.gif\" \/><\/a><\/td>\n<\/tr>\n<tr class=\"row-5\">\n\t<td class=\"column-1\">Minimum de deviation d'un r\u00e9seau<\/td><td class=\"column-2\"><a href=\"..\/animationNew\/Optique\/miniDeviation.swf\"><img decoding=\"async\" src=\"..\/images\/icon_SWF.gif\" \/><\/a><\/td><td class=\"column-3\">Teintes de Newton<\/td><td class=\"column-4\"><a href=\"..\/animationNew\/Optique\/LumiereBlanche.swf\"><img decoding=\"async\" src=\"..\/images\/icon_SWF.gif\" \/><\/a>0<\/td>\n<\/tr>\n<tr class=\"row-6\">\n\t<td class=\"column-1\">Minimum de deviation d'un prisme<\/td><td class=\"column-2\"><a href=\"..\/animationNew\/Optique\/miniDeviationPrisme.swf\"><img decoding=\"async\" src=\"..\/images\/icon_SWF.gif\" \/><\/a><\/td><td class=\"column-3\">R\u00e9glage de la compensatrice (Michelson)<\/td><td class=\"column-4\"><a href=\"..\/animationNew\/Optique\/Compens.swf\"><img decoding=\"async\" src=\"..\/images\/icon_SWF.gif\" \/><\/a><\/td>\n<\/tr>\n<tr class=\"row-7\">\n\t<td class=\"column-1\">Vernier de viseur<\/td><td class=\"column-2\"><a href=\"..\/animationNew\/Optique\/vernier.swf\"><img decoding=\"async\" src=\"..\/images\/icon_SWF.gif\" \/><\/a><\/td><td class=\"column-3\">R\u00e9glage de la lunette \u00e0 l'infini<\/td><td class=\"column-4\"><a href=\"..\/animationNew\/Optique\/lunetteinfini.swf\"><img decoding=\"async\" src=\"..\/images\/icon_SWF.gif\" \/><\/a><\/td>\n<\/tr>\n<tr class=\"row-8\">\n\t<td class=\"column-1\">Vernier de viseur \u00e0 l'envers<\/td><td class=\"column-2\"><a href=\"..\/animationNew\/Optique\/vernierYoungInverse.swf\"><img decoding=\"async\" src=\"..\/images\/icon_SWF.gif\" \/><\/a><\/td><td class=\"column-3\">R\u00e9glage du collimateur \u00e0 l'infini<\/td><td class=\"column-4\"><a href=\"..\/animationNew\/Optique\/collimateurInfini.swf\"><img decoding=\"async\" src=\"..\/images\/icon_SWF.gif\" \/><\/a><\/td>\n<\/tr>\n<tr class=\"row-9\">\n\t<td class=\"column-1\">Vernier angulaire<\/td><td class=\"column-2\"><a href=\"..\/animationNew\/Optique\/alidade.swf\"><img decoding=\"async\" src=\"..\/images\/icon_SWF.gif\" \/><\/a><\/td><td class=\"column-3\">Autocollimation<\/td><td class=\"column-4\"><a href=\"..\/animationNew\/Optique\/autocollimation.swf\"><img decoding=\"async\" src=\"..\/images\/icon_SWF.gif\" \/><\/a><\/td>\n<\/tr>\n<tr class=\"row-10\">\n\t<td class=\"column-1\">R\u00e9glage du Michelson \u00e0 l'oeil nu (Flash)<\/td><td class=\"column-2\"><a href=\"..\/animationNew\/Optique\/Oeil.swf\"><img decoding=\"async\" src=\"..\/images\/icon_SWF.gif\" \/><\/a><\/td><td class=\"column-3\">R\u00e9glage du Michelson \u00e0 l'oeil nu (Mathematica)<\/td><td class=\"column-4\"><a href=\"..\/animationNew\/Optique\/ReglageDuMichelsonaLoeilNu.cdf\"><img decoding=\"async\" src=\"..\/images\/icon-cdf.png\" \/><\/a><\/td>\n<\/tr>\n<\/tbody>\n<\/table>\n<!-- #tablepress-9 from cache -->\n<h2 id=\"tablepress-10-name\" class=\"tablepress-table-name tablepress-table-name-id-10\">Cin\u00e9matique des fluides<\/h2>\n\n<table id=\"tablepress-10\" class=\"tablepress tablepress-id-10\" aria-labelledby=\"tablepress-10-name\">\n<thead>\n<tr class=\"row-1\">\n\t<th class=\"column-1\">Sujet<\/th><th class=\"column-2\">Animation<\/th><th class=\"column-3\">Source<\/th>\n<\/tr>\n<\/thead>\n<tbody class=\"row-striping row-hover\">\n<tr class=\"row-2\">\n\t<td class=\"column-1\">Diverse lignes en m\u00e9canique des fluides<\/td><td class=\"column-2\"> <a href=\"..\/animationNew\/Fluide\/TrajectoireLigneDemissionLigneDeCourant.cdf\"><img decoding=\"async\" src=\"..\/images\/icon-cdf.png\" \/><\/a><\/td><td class=\"column-3\"><a href=\"..\/animation\/TrajectoireLigneDemissionLigneDeCourant.nbp\"><img decoding=\"async\" src=\"..\/images\/icon-cdf.png\" \/><\/a><\/td>\n<\/tr>\n<tr class=\"row-3\">\n\t<td class=\"column-1\">D\u00e9formation d'une particule de fluide (Mathematica)<\/td><td class=\"column-2\"><a href=\"..\/animationNew\/Fluide\/DeformationDuneParticuleFluide.cdf\"><img decoding=\"async\" src=\"..\/images\/icon-cdf.png\" \/><\/a><\/td><td class=\"column-3\"><a href=\"..\/animation\/DeformationDuneParticuleFluide.nbp\"><img decoding=\"async\" src=\"..\/images\/icon-cdf.png\" \/><\/a><\/td>\n<\/tr>\n<tr class=\"row-4\">\n\t<td class=\"column-1\">D\u00e9formation d'une particule de fluide (Flash)<\/td><td class=\"column-2\"><a href=\"..\/animationNew\/FluidepartFluide.swf\"><img decoding=\"async\" src=\"..\/images\/icon_SWF.gif\" \/><\/a><\/td><td class=\"column-3\"><\/td>\n<\/tr>\n<tr class=\"row-5\">\n\t<td class=\"column-1\">Ligne d'\u00e9mission<\/td><td class=\"column-2\"><a href=\"..\/animationNew\/Fluide\/UneLigneEmission.cdf\"><img decoding=\"async\" src=\"..\/images\/icon-cdf.png\" \/><\/a><\/td><td class=\"column-3\"><\/td>\n<\/tr>\n<\/tbody>\n<\/table>\n<!-- #tablepress-10 from cache -->\n<h2 id=\"tablepress-11-name\" class=\"tablepress-table-name tablepress-table-name-id-11\">Filtrage et autres<\/h2>\n\n<table id=\"tablepress-11\" class=\"tablepress tablepress-id-11\" aria-labelledby=\"tablepress-11-name\">\n<thead>\n<tr class=\"row-1\">\n\t<th class=\"column-1\">Sujet<\/th><th class=\"column-2\">Animation<\/th><th class=\"column-3\">Source<\/th>\n<\/tr>\n<\/thead>\n<tbody class=\"row-striping row-hover\">\n<tr class=\"row-2\">\n\t<td class=\"column-1\">D\u00e9modulation d'enveloppe<\/td><td class=\"column-2\"><a href=\"..\/animationNew\/Modulation\/DemodulationDenveloppe.cdf\"><img decoding=\"async\" src=\"..\/images\/icon-cdf.png\" \/><\/a><\/td><td class=\"column-3\"><a href=\"..\/animationNew\/Modulation\/DemodulationDenveloppe-source.nb\"><img decoding=\"async\" src=\"..\/images\/icon-cdf.png\" \/><\/a><\/td>\n<\/tr>\n<tr class=\"row-3\">\n\t<td class=\"column-1\">D\u00e9modulation synchrone<\/td><td class=\"column-2\"><a href=\"..\/animationNew\/Modulation\/DemodulationSynchrone.cdf\"><img decoding=\"async\" src=\"..\/images\/icon-cdf.png\" \/><\/a><\/td><td class=\"column-3\"><a href=\"..\/animationNew\/Modulation\/DemodulationSynchrone.nb\"><img decoding=\"async\" src=\"..\/images\/icon-cdf.png\" \/><\/a><\/td>\n<\/tr>\n<tr class=\"row-4\">\n\t<td class=\"column-1\">D\u00e9tecteur de cr\u00eate <\/td><td class=\"column-2\"> <a href=\"..\/animationNew\/ModulationDetecteurDeCrete.cdf\"><img decoding=\"async\" src=\"..\/images\/icon-cdf.png\" \/><\/a><\/td><td class=\"column-3\"><\/td>\n<\/tr>\n<tr class=\"row-5\">\n\t<td class=\"column-1\">R\u00e9ponse d'un filtre \u00e0 un  signal rectangulaire basse fr\u00e9quence<\/td><td class=\"column-2\"><a href=\"..\/animationNew\/Filtres\/ReponseDunFiltreaUnSignalCarreBasseFrequence.cdf\"><img decoding=\"async\" src=\"..\/images\/icon-cdf.png\" \/><\/a><\/td><td class=\"column-3\"><a href=\"..\/animationNew\/Filtres\/ReponseDunFiltreaUnSignalCarreBasseFrequence-source.nb\"><img decoding=\"async\" src=\"..\/images\/icon-cdf.png\" \/><\/a><\/td>\n<\/tr>\n<tr class=\"row-6\">\n\t<td class=\"column-1\">R\u00e9ponse d'un filtre \u00e0 un signal triangulaire basse fr\u00e9quence<\/td><td class=\"column-2\"><a href=\"..\/animationNew\/Filtres\/ReponseDunFiltreaUnSignalTriangulaireBasseFrequence.cdf\"><img decoding=\"async\" src=\"..\/images\/icon-cdf.png\" \/><\/a><\/td><td class=\"column-3\"><a href=\"..\/animationNew\/Filtres\/ReponseDunFiltreaUnSignalTriangulaireBasseFrequence-source.nb\"><img decoding=\"async\" src=\"..\/images\/icon-cdf.png\" \/><\/a><\/td>\n<\/tr>\n<tr class=\"row-7\">\n\t<td class=\"column-1\">R\u00e9ponse d'un filtre \u00e0 un signal triangulaire<\/td><td class=\"column-2\"><a href=\"..\/animationNew\/Filtres\/ReponseDunFiltreaUnTriangle.cdf\"><img decoding=\"async\" src=\"..\/images\/icon-cdf.png\" \/><\/a><\/td><td class=\"column-3\"><\/td>\n<\/tr>\n<tr class=\"row-8\">\n\t<td class=\"column-1\">Diagramme de Bode<\/td><td class=\"column-2\"><a href=\"..\/animationNew\/Filtres\/DiagrammeDeBode.cdf\"><img decoding=\"async\" src=\"..\/images\/icon-cdf.png\" \/><\/a><\/td><td class=\"column-3\"><\/td>\n<\/tr>\n<\/tbody>\n<\/table>\n<!-- #tablepress-11 from cache -->\n<p><a href=\"https:\/\/www.wolfram.com\/cdf-player\/\"><img loading=\"lazy\" decoding=\"async\" class=\"alignnone size-full wp-image-161\" src=\"https:\/\/regressi.fr\/WordPress\/wp-images\/get-cdf-player-black.png\" alt=\"get-cdf-player-black\" width=\"187\" height=\"41\" \/><\/a><\/p>\n","protected":false},"excerpt":{"rendered":"<p>Vous trouverez ici des animations Flash et Mathematica en optique, cin\u00e9matique des fluides et filtrage. Les animations Mathematica sont au format .cdf lisible par Wolfram CDF Player et les sources sont des fichiers Mathematica .nb. Le format Flash \/ .swf n&rsquo;est plus support\u00e9, vous pouvez trouver des\u00a0applications pour lire ces \u00a0fichiers, par exemple Ruffle<\/p>\n","protected":false},"author":1,"featured_media":0,"parent":0,"menu_order":0,"comment_status":"open","ping_status":"closed","template":"","meta":{"_crdt_document":"","footnotes":""},"class_list":["post-127","page","type-page","status-publish","hentry"],"_links":{"self":[{"href":"https:\/\/regressi.fr\/WordPress\/index.php?rest_route=\/wp\/v2\/pages\/127","targetHints":{"allow":["GET"]}}],"collection":[{"href":"https:\/\/regressi.fr\/WordPress\/index.php?rest_route=\/wp\/v2\/pages"}],"about":[{"href":"https:\/\/regressi.fr\/WordPress\/index.php?rest_route=\/wp\/v2\/types\/page"}],"author":[{"embeddable":true,"href":"https:\/\/regressi.fr\/WordPress\/index.php?rest_route=\/wp\/v2\/users\/1"}],"replies":[{"embeddable":true,"href":"https:\/\/regressi.fr\/WordPress\/index.php?rest_route=%2Fwp%2Fv2%2Fcomments&post=127"}],"version-history":[{"count":39,"href":"https:\/\/regressi.fr\/WordPress\/index.php?rest_route=\/wp\/v2\/pages\/127\/revisions"}],"predecessor-version":[{"id":607,"href":"https:\/\/regressi.fr\/WordPress\/index.php?rest_route=\/wp\/v2\/pages\/127\/revisions\/607"}],"wp:attachment":[{"href":"https:\/\/regressi.fr\/WordPress\/index.php?rest_route=%2Fwp%2Fv2%2Fmedia&parent=127"}],"curies":[{"name":"wp","href":"https:\/\/api.w.org\/{rel}","templated":true}]}}